{"id":1089,"date":"2020-01-20T01:12:17","date_gmt":"2020-01-20T01:12:17","guid":{"rendered":"https:\/\/skole.vamtam.com\/?page_id=1089"},"modified":"2025-10-09T15:48:26","modified_gmt":"2025-10-09T15:48:26","slug":"impressum","status":"publish","type":"page","link":"https:\/\/minido.eu\/es\/impressum\/","title":{"rendered":"Impressum"},"content":{"rendered":"<div data-elementor-type=\"wp-page\" data-elementor-id=\"1089\" class=\"elementor elementor-1089\" data-elementor-post-type=\"page\">\n\t\t\t\t\t\t<section class=\"elementor-section elementor-top-section elementor-element elementor-element-8248589 elementor-section-content-bottom elementor-section-height-min-height elementor-section-items-stretch elementor-section-boxed elementor-section-height-default\" data-id=\"8248589\" data-element_type=\"section\" data-settings=\"{&quot;background_background&quot;:&quot;classic&quot;,&quot;animation&quot;:&quot;none&quot;,&quot;shape_divider_bottom&quot;:&quot;vamtam-waves&quot;,&quot;shape_divider_top&quot;:&quot;vamtam-waves&quot;}\">\n\t\t\t\t\t<div class=\"elementor-shape elementor-shape-top\" data-negative=\"false\">\n\t\t\t<svg preserveaspectratio=\"xMidYMin slice\" viewbox=\"0 0 1056 4\" xmlns=\"http:\/\/www.w3.org\/2000\/svg\">\n<path class=\"elementor-shape-fill\" d=\"M1035.025 1.916c-.721-.81-1.865-1.275-2.954-1.275a3.807 3.807 0 0 0-2.846 1.275C1027.889 3.249 1025.893 4 1024 4c-1.896.008-3.642-.745-4.975-2.084-.721-.81-1.865-1.275-2.954-1.275a3.807 3.807 0 0 0-2.846 1.275C1011.889 3.249 1009.893 4 1008 4c-1.896.008-3.642-.745-4.975-2.084-.721-.81-1.865-1.275-2.954-1.275a3.807 3.807 0 0 0-2.846 1.275C995.889 3.249 993.893 4 992 4c-1.896.008-3.642-.745-4.975-2.084-.721-.81-1.865-1.275-2.954-1.275a3.807 3.807 0 0 0-2.846 1.275C979.889 3.249 977.893 4 976 4c-1.896.008-3.642-.745-4.975-2.084-.721-.81-1.865-1.275-2.954-1.275a3.807 3.807 0 0 0-2.846 1.275C963.889 3.249 961.893 4 960 4c-1.896.008-3.642-.745-4.975-2.084-.721-.81-1.865-1.275-2.954-1.275a3.807 3.807 0 0 0-2.846 1.275C947.889 3.249 945.893 4 944 4c-1.896.008-3.642-.745-4.975-2.084-.721-.81-1.865-1.275-2.954-1.275a3.807 3.807 0 0 0-2.846 1.275C931.889 3.249 929.893 4 928 4c-1.896.008-3.642-.745-4.975-2.084-.721-.81-1.865-1.275-2.954-1.275a3.807 3.807 0 0 0-2.846 1.275C915.889 3.249 913.893 4 912 4c-1.896.008-3.642-.745-4.975-2.084-.721-.81-1.865-1.275-2.954-1.275a3.807 3.807 0 0 0-2.846 1.275C899.889 3.249 897.893 4 896 4c-1.896.008-3.642-.745-4.975-2.084-.721-.81-1.865-1.275-2.954-1.275a3.807 3.807 0 0 0-2.846 1.275C883.889 3.249 881.893 4 880 4c-1.896.008-3.642-.745-4.975-2.084-.721-.81-1.865-1.275-2.954-1.275a3.807 3.807 0 0 0-2.846 1.275C867.889 3.249 865.893 4 864 4c-1.896.008-3.642-.745-4.975-2.084-.721-.81-1.865-1.275-2.954-1.275a3.807 3.807 0 0 0-2.846 1.275C851.889 3.249 849.893 4 848 4c-1.896.008-3.642-.745-4.975-2.084-.721-.81-1.865-1.275-2.954-1.275a3.807 3.807 0 0 0-2.846 1.275C835.889 3.249 833.893 4 832 4c-1.896.008-3.642-.745-4.975-2.084-.721-.81-1.865-1.275-2.954-1.275a3.807 3.807 0 0 0-2.846 1.275C819.889 3.249 817.893 4 816 4c-1.896.008-3.642-.745-4.975-2.084-.721-.81-1.865-1.275-2.954-1.275a3.807 3.807 0 0 0-2.846 1.275C803.889 3.249 801.893 4 800 4c-1.896.008-3.642-.745-4.975-2.084-.721-.81-1.865-1.275-2.954-1.275a3.807 3.807 0 0 0-2.846 1.275C787.889 3.249 785.893 4 784 4c-1.896.008-3.642-.745-4.975-2.084-.721-.81-1.865-1.275-2.954-1.275a3.807 3.807 0 0 0-2.846 1.275C771.889 3.249 769.893 4 768 4c-1.896.008-3.642-.745-4.975-2.084-.721-.81-1.865-1.275-2.954-1.275a3.807 3.807 0 0 0-2.846 1.275C755.889 3.249 753.893 4 752 4c-1.896.008-3.642-.745-4.975-2.084-.721-.81-1.865-1.275-2.954-1.275a3.807 3.807 0 0 0-2.846 1.275C739.889 3.249 737.893 4 736 4c-1.896.008-3.642-.745-4.975-2.084-.721-.81-1.865-1.275-2.954-1.275a3.807 3.807 0 0 0-2.846 1.275C723.889 3.249 721.893 4 720 4c-1.896.008-3.642-.745-4.975-2.084-.721-.81-1.865-1.275-2.954-1.275a3.807 3.807 0 0 0-2.846 1.275C707.889 3.249 705.893 4 704 4c-1.896.008-3.642-.745-4.975-2.084-.721-.81-1.865-1.275-2.954-1.275a3.807 3.807 0 0 0-2.846 1.275C691.889 3.249 689.893 4 688 4c-1.896.008-3.642-.745-4.975-2.084-.721-.81-1.865-1.275-2.954-1.275a3.807 3.807 0 0 0-2.846 1.275C675.889 3.249 673.893 4 672 4c-1.896.008-3.642-.745-4.975-2.084-.721-.81-1.865-1.275-2.954-1.275a3.807 3.807 0 0 0-2.846 1.275C659.889 3.249 657.893 4 656 4c-1.896.008-3.642-.745-4.975-2.084-.721-.81-1.865-1.275-2.954-1.275a3.807 3.807 0 0 0-2.846 1.275C643.889 3.249 641.893 4 640 4c-1.896.008-3.642-.745-4.975-2.084-.721-.81-1.865-1.275-2.954-1.275a3.807 3.807 0 0 0-2.846 1.275C627.889 3.249 625.893 4 624 4c-1.896.008-3.642-.745-4.975-2.084-.721-.81-1.865-1.275-2.954-1.275a3.807 3.807 0 0 0-2.846 1.275C611.889 3.249 609.893 4 608 4c-1.896.008-3.642-.745-4.975-2.084-.721-.81-1.865-1.275-2.954-1.275a3.807 3.807 0 0 0-2.846 1.275C595.889 3.249 593.893 4 592 4c-1.896.008-3.642-.745-4.975-2.084-.721-.81-1.865-1.275-2.954-1.275a3.807 3.807 0 0 0-2.846 1.275C579.889 3.249 577.893 4 576 4c-1.896.008-3.642-.745-4.975-2.084-.721-.81-1.865-1.275-2.954-1.275a3.807 3.807 0 0 0-2.846 1.275C563.889 3.249 561.893 4 560 4c-1.896.008-3.642-.745-4.975-2.084-.721-.81-1.865-1.275-2.954-1.275a3.807 3.807 0 0 0-2.846 1.275C547.889 3.249 545.893 4 544 4c-1.896.008-3.642-.745-4.975-2.084-.721-.81-1.865-1.275-2.954-1.275a3.807 3.807 0 0 0-2.846 1.275C531.889 3.249 529.893 4 528 4c-1.896.008-3.642-.745-4.975-2.084-.721-.81-1.865-1.275-2.954-1.275a3.807 3.807 0 0 0-2.846 1.275C515.889 3.249 513.893 4 512 4c-1.896.008-3.642-.745-4.975-2.084-.721-.81-1.865-1.275-2.954-1.275a3.807 3.807 0 0 0-2.846 1.275C499.889 3.249 497.893 4 496 4c-1.896.008-3.642-.745-4.975-2.084-.721-.81-1.865-1.275-2.954-1.275a3.807 3.807 0 0 0-2.846 1.275C483.889 3.249 481.893 4 480 4c-1.896.008-3.642-.745-4.975-2.084-.721-.81-1.865-1.275-2.954-1.275a3.807 3.807 0 0 0-2.846 1.275C467.889 3.249 465.893 4 464 4c-1.896.008-3.642-.745-4.975-2.084-.721-.81-1.865-1.275-2.954-1.275a3.807 3.807 0 0 0-2.846 1.275C451.889 3.249 449.893 4 448 4c-1.896.008-3.642-.745-4.975-2.084-.721-.81-1.865-1.275-2.954-1.275a3.807 3.807 0 0 0-2.846 1.275C435.889 3.249 433.893 4 432 4c-1.896.008-3.642-.745-4.975-2.084-.721-.81-1.865-1.275-2.954-1.275a3.807 3.807 0 0 0-2.846 1.275C419.889 3.249 417.893 4 416 4c-1.896.008-3.642-.745-4.975-2.084-.721-.81-1.865-1.275-2.954-1.275a3.807 3.807 0 0 0-2.846 1.275C403.889 3.249 401.893 4 400 4c-1.896.008-3.642-.745-4.975-2.084-.721-.81-1.865-1.275-2.954-1.275a3.807 3.807 0 0 0-2.846 1.275C387.889 3.249 385.893 4 384 4c-1.896.008-3.642-.745-4.975-2.084-.721-.81-1.865-1.275-2.954-1.275a3.807 3.807 0 0 0-2.846 1.275C371.889 3.249 369.893 4 368 4c-1.896.008-3.642-.745-4.975-2.084-.721-.81-1.865-1.275-2.954-1.275a3.807 3.807 0 0 0-2.846 1.275C355.889 3.249 353.893 4 352 4c-1.896.008-3.642-.745-4.975-2.084-.721-.81-1.865-1.275-2.954-1.275a3.807 3.807 0 0 0-2.846 1.275C339.889 3.249 337.893 4 336 4c-1.896.008-3.642-.745-4.975-2.084-.721-.81-1.865-1.275-2.954-1.275a3.807 3.807 0 0 0-2.846 1.275C323.889 3.249 321.893 4 320 4c-1.896.008-3.642-.745-4.975-2.084-.721-.81-1.865-1.275-2.954-1.275a3.807 3.807 0 0 0-2.846 1.275C307.889 3.249 305.893 4 304 4c-1.896.008-3.642-.745-4.975-2.084-.721-.81-1.865-1.275-2.954-1.275a3.807 3.807 0 0 0-2.846 1.275C291.889 3.249 289.893 4 288 4c-1.896.008-3.642-.745-4.975-2.084-.721-.81-1.865-1.275-2.954-1.275a3.807 3.807 0 0 0-2.846 1.275C275.889 3.249 273.893 4 272 4c-1.896.008-3.642-.745-4.975-2.084-.721-.81-1.865-1.275-2.954-1.275a3.807 3.807 0 0 0-2.846 1.275C259.889 3.249 257.893 4 256 4c-1.896.008-3.642-.745-4.975-2.084-.721-.81-1.865-1.275-2.954-1.275a3.807 3.807 0 0 0-2.846 1.275C243.889 3.249 241.893 4 240 4c-1.896.008-3.642-.745-4.975-2.084-.721-.81-1.865-1.275-2.954-1.275a3.807 3.807 0 0 0-2.846 1.275C227.889 3.249 225.893 4 224 4c-1.896.008-3.642-.745-4.975-2.084-.721-.81-1.865-1.275-2.954-1.275a3.807 3.807 0 0 0-2.846 1.275C211.889 3.249 209.893 4 208 4c-1.896.008-3.642-.745-4.975-2.084-.721-.81-1.865-1.275-2.954-1.275a3.807 3.807 0 0 0-2.846 1.275C195.889 3.249 193.893 4 192 4c-1.896.008-3.642-.745-4.975-2.084-.721-.81-1.865-1.275-2.954-1.275a3.807 3.807 0 0 0-2.846 1.275C179.889 3.249 177.893 4 176 4c-1.896.008-3.642-.745-4.975-2.084-.721-.81-1.865-1.275-2.954-1.275a3.807 3.807 0 0 0-2.846 1.275C163.889 3.249 161.893 4 160 4c-1.896.008-3.642-.745-4.975-2.084-.721-.81-1.865-1.275-2.954-1.275a3.807 3.807 0 0 0-2.846 1.275C147.889 3.249 145.893 4 144 4c-1.896.008-3.642-.745-4.975-2.084-.721-.81-1.865-1.275-2.954-1.275a3.807 3.807 0 0 0-2.846 1.275C131.889 3.249 129.893 4 128 4c-1.896.008-3.642-.745-4.975-2.084-.721-.81-1.865-1.275-2.954-1.275a3.807 3.807 0 0 0-2.846 1.275C115.889 3.249 113.893 4 112 4c-1.896.008-3.642-.745-4.975-2.084-.721-.81-1.865-1.275-2.954-1.275a3.807 3.807 0 0 0-2.846 1.275C99.889 3.249 97.893 4 96 4c-1.896.008-3.642-.745-4.975-2.084C90.304 1.106 89.16.64 88.07.64a3.807 3.807 0 0 0-2.846 1.275C83.889 3.249 81.893 4 80 4c-1.896.008-3.642-.745-4.975-2.084C74.304 1.106 73.16.64 72.07.64a3.807 3.807 0 0 0-2.846 1.275C67.889 3.249 65.893 4 64 4c-1.896.008-3.642-.745-4.975-2.084C58.304 1.106 57.16.64 56.07.64a3.807 3.807 0 0 0-2.846 1.275C51.889 3.249 49.893 4 48 4c-1.896.008-3.642-.745-4.975-2.084C42.304 1.106 41.16.64 40.07.64a3.807 3.807 0 0 0-2.846 1.275C35.889 3.249 33.893 4 32 4c-1.896.008-3.642-.745-4.975-2.084C26.304 1.106 25.16.64 24.07.64a3.807 3.807 0 0 0-2.846 1.275C19.889 3.249 17.893 4 16 4c-1.896.008-3.642-.745-4.975-2.084C10.304 1.106 9.16.64 8.07.64a3.807 3.807 0 0 0-2.846 1.275C3.889 3.249 1.893 4 0 4V0h1056v4c-1.896.008-3.642-.745-4.975-2.084-.721-.81-1.865-1.275-2.954-1.275a3.807 3.807 0 0 0-2.846 1.275C1043.889 3.249 1041.893 4 1040 4c-1.896.008-3.642-.745-4.975-2.084z\"\/>\n<\/svg>\n\t\t<\/div>\n\t\t\t\t<div class=\"elementor-shape elementor-shape-bottom\" data-negative=\"false\">\n\t\t\t<svg preserveaspectratio=\"xMidYMin slice\" viewbox=\"0 0 1056 4\" xmlns=\"http:\/\/www.w3.org\/2000\/svg\">\n<path class=\"elementor-shape-fill\" d=\"M1035.025 1.916c-.721-.81-1.865-1.275-2.954-1.275a3.807 3.807 0 0 0-2.846 1.275C1027.889 3.249 1025.893 4 1024 4c-1.896.008-3.642-.745-4.975-2.084-.721-.81-1.865-1.275-2.954-1.275a3.807 3.807 0 0 0-2.846 1.275C1011.889 3.249 1009.893 4 1008 4c-1.896.008-3.642-.745-4.975-2.084-.721-.81-1.865-1.275-2.954-1.275a3.807 3.807 0 0 0-2.846 1.275C995.889 3.249 993.893 4 992 4c-1.896.008-3.642-.745-4.975-2.084-.721-.81-1.865-1.275-2.954-1.275a3.807 3.807 0 0 0-2.846 1.275C979.889 3.249 977.893 4 976 4c-1.896.008-3.642-.745-4.975-2.084-.721-.81-1.865-1.275-2.954-1.275a3.807 3.807 0 0 0-2.846 1.275C963.889 3.249 961.893 4 960 4c-1.896.008-3.642-.745-4.975-2.084-.721-.81-1.865-1.275-2.954-1.275a3.807 3.807 0 0 0-2.846 1.275C947.889 3.249 945.893 4 944 4c-1.896.008-3.642-.745-4.975-2.084-.721-.81-1.865-1.275-2.954-1.275a3.807 3.807 0 0 0-2.846 1.275C931.889 3.249 929.893 4 928 4c-1.896.008-3.642-.745-4.975-2.084-.721-.81-1.865-1.275-2.954-1.275a3.807 3.807 0 0 0-2.846 1.275C915.889 3.249 913.893 4 912 4c-1.896.008-3.642-.745-4.975-2.084-.721-.81-1.865-1.275-2.954-1.275a3.807 3.807 0 0 0-2.846 1.275C899.889 3.249 897.893 4 896 4c-1.896.008-3.642-.745-4.975-2.084-.721-.81-1.865-1.275-2.954-1.275a3.807 3.807 0 0 0-2.846 1.275C883.889 3.249 881.893 4 880 4c-1.896.008-3.642-.745-4.975-2.084-.721-.81-1.865-1.275-2.954-1.275a3.807 3.807 0 0 0-2.846 1.275C867.889 3.249 865.893 4 864 4c-1.896.008-3.642-.745-4.975-2.084-.721-.81-1.865-1.275-2.954-1.275a3.807 3.807 0 0 0-2.846 1.275C851.889 3.249 849.893 4 848 4c-1.896.008-3.642-.745-4.975-2.084-.721-.81-1.865-1.275-2.954-1.275a3.807 3.807 0 0 0-2.846 1.275C835.889 3.249 833.893 4 832 4c-1.896.008-3.642-.745-4.975-2.084-.721-.81-1.865-1.275-2.954-1.275a3.807 3.807 0 0 0-2.846 1.275C819.889 3.249 817.893 4 816 4c-1.896.008-3.642-.745-4.975-2.084-.721-.81-1.865-1.275-2.954-1.275a3.807 3.807 0 0 0-2.846 1.275C803.889 3.249 801.893 4 800 4c-1.896.008-3.642-.745-4.975-2.084-.721-.81-1.865-1.275-2.954-1.275a3.807 3.807 0 0 0-2.846 1.275C787.889 3.249 785.893 4 784 4c-1.896.008-3.642-.745-4.975-2.084-.721-.81-1.865-1.275-2.954-1.275a3.807 3.807 0 0 0-2.846 1.275C771.889 3.249 769.893 4 768 4c-1.896.008-3.642-.745-4.975-2.084-.721-.81-1.865-1.275-2.954-1.275a3.807 3.807 0 0 0-2.846 1.275C755.889 3.249 753.893 4 752 4c-1.896.008-3.642-.745-4.975-2.084-.721-.81-1.865-1.275-2.954-1.275a3.807 3.807 0 0 0-2.846 1.275C739.889 3.249 737.893 4 736 4c-1.896.008-3.642-.745-4.975-2.084-.721-.81-1.865-1.275-2.954-1.275a3.807 3.807 0 0 0-2.846 1.275C723.889 3.249 721.893 4 720 4c-1.896.008-3.642-.745-4.975-2.084-.721-.81-1.865-1.275-2.954-1.275a3.807 3.807 0 0 0-2.846 1.275C707.889 3.249 705.893 4 704 4c-1.896.008-3.642-.745-4.975-2.084-.721-.81-1.865-1.275-2.954-1.275a3.807 3.807 0 0 0-2.846 1.275C691.889 3.249 689.893 4 688 4c-1.896.008-3.642-.745-4.975-2.084-.721-.81-1.865-1.275-2.954-1.275a3.807 3.807 0 0 0-2.846 1.275C675.889 3.249 673.893 4 672 4c-1.896.008-3.642-.745-4.975-2.084-.721-.81-1.865-1.275-2.954-1.275a3.807 3.807 0 0 0-2.846 1.275C659.889 3.249 657.893 4 656 4c-1.896.008-3.642-.745-4.975-2.084-.721-.81-1.865-1.275-2.954-1.275a3.807 3.807 0 0 0-2.846 1.275C643.889 3.249 641.893 4 640 4c-1.896.008-3.642-.745-4.975-2.084-.721-.81-1.865-1.275-2.954-1.275a3.807 3.807 0 0 0-2.846 1.275C627.889 3.249 625.893 4 624 4c-1.896.008-3.642-.745-4.975-2.084-.721-.81-1.865-1.275-2.954-1.275a3.807 3.807 0 0 0-2.846 1.275C611.889 3.249 609.893 4 608 4c-1.896.008-3.642-.745-4.975-2.084-.721-.81-1.865-1.275-2.954-1.275a3.807 3.807 0 0 0-2.846 1.275C595.889 3.249 593.893 4 592 4c-1.896.008-3.642-.745-4.975-2.084-.721-.81-1.865-1.275-2.954-1.275a3.807 3.807 0 0 0-2.846 1.275C579.889 3.249 577.893 4 576 4c-1.896.008-3.642-.745-4.975-2.084-.721-.81-1.865-1.275-2.954-1.275a3.807 3.807 0 0 0-2.846 1.275C563.889 3.249 561.893 4 560 4c-1.896.008-3.642-.745-4.975-2.084-.721-.81-1.865-1.275-2.954-1.275a3.807 3.807 0 0 0-2.846 1.275C547.889 3.249 545.893 4 544 4c-1.896.008-3.642-.745-4.975-2.084-.721-.81-1.865-1.275-2.954-1.275a3.807 3.807 0 0 0-2.846 1.275C531.889 3.249 529.893 4 528 4c-1.896.008-3.642-.745-4.975-2.084-.721-.81-1.865-1.275-2.954-1.275a3.807 3.807 0 0 0-2.846 1.275C515.889 3.249 513.893 4 512 4c-1.896.008-3.642-.745-4.975-2.084-.721-.81-1.865-1.275-2.954-1.275a3.807 3.807 0 0 0-2.846 1.275C499.889 3.249 497.893 4 496 4c-1.896.008-3.642-.745-4.975-2.084-.721-.81-1.865-1.275-2.954-1.275a3.807 3.807 0 0 0-2.846 1.275C483.889 3.249 481.893 4 480 4c-1.896.008-3.642-.745-4.975-2.084-.721-.81-1.865-1.275-2.954-1.275a3.807 3.807 0 0 0-2.846 1.275C467.889 3.249 465.893 4 464 4c-1.896.008-3.642-.745-4.975-2.084-.721-.81-1.865-1.275-2.954-1.275a3.807 3.807 0 0 0-2.846 1.275C451.889 3.249 449.893 4 448 4c-1.896.008-3.642-.745-4.975-2.084-.721-.81-1.865-1.275-2.954-1.275a3.807 3.807 0 0 0-2.846 1.275C435.889 3.249 433.893 4 432 4c-1.896.008-3.642-.745-4.975-2.084-.721-.81-1.865-1.275-2.954-1.275a3.807 3.807 0 0 0-2.846 1.275C419.889 3.249 417.893 4 416 4c-1.896.008-3.642-.745-4.975-2.084-.721-.81-1.865-1.275-2.954-1.275a3.807 3.807 0 0 0-2.846 1.275C403.889 3.249 401.893 4 400 4c-1.896.008-3.642-.745-4.975-2.084-.721-.81-1.865-1.275-2.954-1.275a3.807 3.807 0 0 0-2.846 1.275C387.889 3.249 385.893 4 384 4c-1.896.008-3.642-.745-4.975-2.084-.721-.81-1.865-1.275-2.954-1.275a3.807 3.807 0 0 0-2.846 1.275C371.889 3.249 369.893 4 368 4c-1.896.008-3.642-.745-4.975-2.084-.721-.81-1.865-1.275-2.954-1.275a3.807 3.807 0 0 0-2.846 1.275C355.889 3.249 353.893 4 352 4c-1.896.008-3.642-.745-4.975-2.084-.721-.81-1.865-1.275-2.954-1.275a3.807 3.807 0 0 0-2.846 1.275C339.889 3.249 337.893 4 336 4c-1.896.008-3.642-.745-4.975-2.084-.721-.81-1.865-1.275-2.954-1.275a3.807 3.807 0 0 0-2.846 1.275C323.889 3.249 321.893 4 320 4c-1.896.008-3.642-.745-4.975-2.084-.721-.81-1.865-1.275-2.954-1.275a3.807 3.807 0 0 0-2.846 1.275C307.889 3.249 305.893 4 304 4c-1.896.008-3.642-.745-4.975-2.084-.721-.81-1.865-1.275-2.954-1.275a3.807 3.807 0 0 0-2.846 1.275C291.889 3.249 289.893 4 288 4c-1.896.008-3.642-.745-4.975-2.084-.721-.81-1.865-1.275-2.954-1.275a3.807 3.807 0 0 0-2.846 1.275C275.889 3.249 273.893 4 272 4c-1.896.008-3.642-.745-4.975-2.084-.721-.81-1.865-1.275-2.954-1.275a3.807 3.807 0 0 0-2.846 1.275C259.889 3.249 257.893 4 256 4c-1.896.008-3.642-.745-4.975-2.084-.721-.81-1.865-1.275-2.954-1.275a3.807 3.807 0 0 0-2.846 1.275C243.889 3.249 241.893 4 240 4c-1.896.008-3.642-.745-4.975-2.084-.721-.81-1.865-1.275-2.954-1.275a3.807 3.807 0 0 0-2.846 1.275C227.889 3.249 225.893 4 224 4c-1.896.008-3.642-.745-4.975-2.084-.721-.81-1.865-1.275-2.954-1.275a3.807 3.807 0 0 0-2.846 1.275C211.889 3.249 209.893 4 208 4c-1.896.008-3.642-.745-4.975-2.084-.721-.81-1.865-1.275-2.954-1.275a3.807 3.807 0 0 0-2.846 1.275C195.889 3.249 193.893 4 192 4c-1.896.008-3.642-.745-4.975-2.084-.721-.81-1.865-1.275-2.954-1.275a3.807 3.807 0 0 0-2.846 1.275C179.889 3.249 177.893 4 176 4c-1.896.008-3.642-.745-4.975-2.084-.721-.81-1.865-1.275-2.954-1.275a3.807 3.807 0 0 0-2.846 1.275C163.889 3.249 161.893 4 160 4c-1.896.008-3.642-.745-4.975-2.084-.721-.81-1.865-1.275-2.954-1.275a3.807 3.807 0 0 0-2.846 1.275C147.889 3.249 145.893 4 144 4c-1.896.008-3.642-.745-4.975-2.084-.721-.81-1.865-1.275-2.954-1.275a3.807 3.807 0 0 0-2.846 1.275C131.889 3.249 129.893 4 128 4c-1.896.008-3.642-.745-4.975-2.084-.721-.81-1.865-1.275-2.954-1.275a3.807 3.807 0 0 0-2.846 1.275C115.889 3.249 113.893 4 112 4c-1.896.008-3.642-.745-4.975-2.084-.721-.81-1.865-1.275-2.954-1.275a3.807 3.807 0 0 0-2.846 1.275C99.889 3.249 97.893 4 96 4c-1.896.008-3.642-.745-4.975-2.084C90.304 1.106 89.16.64 88.07.64a3.807 3.807 0 0 0-2.846 1.275C83.889 3.249 81.893 4 80 4c-1.896.008-3.642-.745-4.975-2.084C74.304 1.106 73.16.64 72.07.64a3.807 3.807 0 0 0-2.846 1.275C67.889 3.249 65.893 4 64 4c-1.896.008-3.642-.745-4.975-2.084C58.304 1.106 57.16.64 56.07.64a3.807 3.807 0 0 0-2.846 1.275C51.889 3.249 49.893 4 48 4c-1.896.008-3.642-.745-4.975-2.084C42.304 1.106 41.16.64 40.07.64a3.807 3.807 0 0 0-2.846 1.275C35.889 3.249 33.893 4 32 4c-1.896.008-3.642-.745-4.975-2.084C26.304 1.106 25.16.64 24.07.64a3.807 3.807 0 0 0-2.846 1.275C19.889 3.249 17.893 4 16 4c-1.896.008-3.642-.745-4.975-2.084C10.304 1.106 9.16.64 8.07.64a3.807 3.807 0 0 0-2.846 1.275C3.889 3.249 1.893 4 0 4V0h1056v4c-1.896.008-3.642-.745-4.975-2.084-.721-.81-1.865-1.275-2.954-1.275a3.807 3.807 0 0 0-2.846 1.275C1043.889 3.249 1041.893 4 1040 4c-1.896.008-3.642-.745-4.975-2.084z\"\/>\n<\/svg>\n\t\t<\/div>\n\t\t\t\t\t<div class=\"elementor-container elementor-column-gap-default\">\n\t\t\t\t\t<div class=\"elementor-column elementor-col-50 elementor-top-column elementor-element elementor-element-67a2add\" data-id=\"67a2add\" data-element_type=\"column\">\n\t\t\t<div class=\"elementor-widget-wrap elementor-element-populated\">\n\t\t\t\t\t\t<div class=\"elementor-element elementor-element-fd8e5f7 animated-fast elementor-invisible elementor-widget elementor-widget-text-editor\" data-id=\"fd8e5f7\" data-element_type=\"widget\" data-settings=\"{&quot;_animation&quot;:&quot;fadeIn&quot;,&quot;_animation_delay&quot;:200}\" data-widget_type=\"text-editor.default\">\n\t\t\t\t<div class=\"elementor-widget-container\">\n\t\t\t\t\t\t\t\t\t<p>Mi\u00a0Nido Kindergarten gGmbH<br data-start=\"58\" data-end=\"61\" \/>Vertreten durch die Gesch\u00e4ftsf\u00fchrer: Aleksandar Vuk Carsten und Maksim Jovanovic<\/p>\t\t\t\t\t\t\t\t<\/div>\n\t\t\t\t<\/div>\n\t\t\t\t\t<\/div>\n\t\t<\/div>\n\t\t\t\t<div class=\"elementor-column elementor-col-50 elementor-top-column elementor-element elementor-element-3ae459c elementor-hidden-phone\" data-id=\"3ae459c\" data-element_type=\"column\">\n\t\t\t<div class=\"elementor-widget-wrap elementor-element-populated\">\n\t\t\t\t\t\t<div class=\"elementor-element elementor-element-624a974 animated-fast elementor-invisible elementor-widget elementor-widget-image\" data-id=\"624a974\" data-element_type=\"widget\" data-settings=\"{&quot;_animation&quot;:&quot;bounceInUp&quot;,&quot;motion_fx_scale_effect&quot;:&quot;yes&quot;,&quot;motion_fx_scale_direction&quot;:&quot;in-out&quot;,&quot;motion_fx_scale_range&quot;:{&quot;unit&quot;:&quot;%&quot;,&quot;size&quot;:&quot;&quot;,&quot;sizes&quot;:{&quot;start&quot;:50,&quot;end&quot;:100}},&quot;motion_fx_motion_fx_scrolling&quot;:&quot;yes&quot;,&quot;motion_fx_scale_speed&quot;:{&quot;unit&quot;:&quot;px&quot;,&quot;size&quot;:6,&quot;sizes&quot;:[]},&quot;motion_fx_devices&quot;:[&quot;desktop&quot;]}\" data-widget_type=\"image.default\">\n\t\t\t\t<div class=\"elementor-widget-container\">\n\t\t\t\t\t\t\t\t\t\t\t\t\t\t\t<img decoding=\"async\" width=\"67\" height=\"79\" src=\"https:\/\/minido.eu\/wp-content\/uploads\/2019\/11\/illustration-tree-1.svg\" class=\"attachment-large size-large wp-image-243\" alt=\"\" \/>\t\t\t\t\t\t\t\t\t\t\t\t\t\t\t<\/div>\n\t\t\t\t<\/div>\n\t\t\t\t\t<\/div>\n\t\t<\/div>\n\t\t\t\t\t<\/div>\n\t\t<\/section>\n\t\t\t\t<section class=\"elementor-section elementor-top-section elementor-element elementor-element-02ff223 elementor-section-boxed elementor-section-height-default elementor-section-height-default\" data-id=\"02ff223\" data-element_type=\"section\" data-settings=\"{&quot;background_motion_fx_scale_effect&quot;:&quot;yes&quot;,&quot;background_motion_fx_scale_direction&quot;:&quot;in-out&quot;,&quot;background_motion_fx_scale_range&quot;:{&quot;unit&quot;:&quot;%&quot;,&quot;size&quot;:&quot;&quot;,&quot;sizes&quot;:{&quot;start&quot;:0,&quot;end&quot;:41}},&quot;background_motion_fx_scale_speed&quot;:{&quot;unit&quot;:&quot;px&quot;,&quot;size&quot;:4,&quot;sizes&quot;:[]},&quot;background_motion_fx_devices&quot;:[&quot;desktop&quot;,&quot;laptop&quot;,&quot;tablet_extra&quot;,&quot;tablet&quot;,&quot;mobile_extra&quot;,&quot;mobile&quot;]}\">\n\t\t\t\t\t\t<div class=\"elementor-container elementor-column-gap-default\">\n\t\t\t\t\t<div class=\"elementor-column elementor-col-100 elementor-top-column elementor-element elementor-element-3f92e56\" data-id=\"3f92e56\" data-element_type=\"column\">\n\t\t\t<div class=\"elementor-widget-wrap elementor-element-populated\">\n\t\t\t\t\t\t<div class=\"elementor-element elementor-element-2c36d3e elementor-widget elementor-widget-text-editor\" data-id=\"2c36d3e\" data-element_type=\"widget\" data-widget_type=\"text-editor.default\">\n\t\t\t\t<div class=\"elementor-widget-container\">\n\t\t\t\t\t\t\t\t\t<p class=\"\" data-start=\"120\" data-end=\"186\"><strong data-start=\"120\" data-end=\"131\">Adresse<\/strong><br data-start=\"131\" data-end=\"134\" \/>Nestorstra\u00dfe 7<br \/>10709 Berlin<br \/>Deutschland<\/p><p class=\"\" data-start=\"188\" data-end=\"255\"><strong data-start=\"188\" data-end=\"199\">Contacto<\/strong><br data-start=\"199\" data-end=\"202\" \/>Telefon: 030 85606522<br \/>E\u2011Mail: info@minido.eu<\/p><p class=\"\" data-start=\"257\" data-end=\"358\"><strong data-start=\"257\" data-end=\"276\">Registereintrag<\/strong><br data-start=\"276\" data-end=\"279\" \/>Registergericht: Amtsgericht Berlin Charlottenburg<br data-start=\"325\" data-end=\"328\" \/>Registernummer: HRB 137559<\/p><p class=\"translation-block\" data-start=\"360\" data-end=\"463\"><strong data-start=\"360\" data-end=\"379\">ID de IVA<\/strong><br data-start=\"379\" data-end=\"382\">N\u00famero de identificaci\u00f3n del IVA seg\u00fan el \u00a7 27 a de la Ley del IVA: DE [N\u00famero]<\/p><p class=\"\" data-start=\"465\" data-end=\"566\"><strong data-start=\"465\" data-end=\"520\">Verantwortlich f\u00fcr den Inhalt nach \u00a7\u00a055\u00a0Abs.\u00a02 RStV<\/strong><br data-start=\"520\" data-end=\"523\" \/>Aleksandar Vuk Carsten<br \/>Maksim Jovanovic<br \/>Nestorstra\u00dfe 7, 10709 Berlin<\/p><p class=\"translation-block\" data-start=\"568\" data-end=\"787\"><strong data-start=\"568\" data-end=\"591\">Responsabilidad por el contenido<\/strong><br data-start=\"591\" data-end=\"594\">A pesar de un control exhaustivo del contenido, no asumimos responsabilidad por el contenido de los enlaces externos. Los operadores de las p\u00e1ginas enlazadas son los \u00fanicos responsables de su contenido.<\/p><p class=\"translation-block\" data-start=\"789\" data-end=\"1141\"><strong data-start=\"789\" data-end=\"805\">Derechos de autor<\/strong><br data-start=\"805\" data-end=\"808\">Los contenidos y obras creados por los operadores de la p\u00e1gina en estas p\u00e1ginas est\u00e1n sujetos a la ley de derechos de autor alemana. Las contribuciones de terceros est\u00e1n marcadas como tales. Cualquier explotaci\u00f3n, reproducci\u00f3n o distribuci\u00f3n fuera de los l\u00edmites estrictos de la ley de derechos de autor requiere el consentimiento previo por escrito del autor correspondiente.<\/p><p class=\"\" data-start=\"1143\" data-end=\"1224\"><strong data-start=\"1143\" data-end=\"1163\">Design &amp; Technik<\/strong><br data-start=\"1163\" data-end=\"1166\" \/>Website-Konzept und technische Umsetzung: Aleksandar Vuk Carsten, Maksim Jovanovic<\/p>\t\t\t\t\t\t\t\t<\/div>\n\t\t\t\t<\/div>\n\t\t\t\t\t<\/div>\n\t\t<\/div>\n\t\t\t\t\t<\/div>\n\t\t<\/section>\n\t\t\t\t<\/div>","protected":false},"excerpt":{"rendered":"<p>Mi\u00a0Nido Kindergarten gGmbHVertreten durch die Gesch\u00e4ftsf\u00fchrer: Aleksandar Vuk Carsten und Maksim Jovanovic AdresseNestorstra\u00dfe 710709 BerlinDeutschland KontaktTelefon: 030 85606522E\u2011Mail: info@minido.eu RegistereintragRegistergericht: Amtsgericht Berlin CharlottenburgRegisternummer: HRB 137559 Umsatzsteuer\u2011IDUmsatzsteuer\u2011Identifikationsnummer gem\u00e4\u00df \u00a7\u00a027\u00a0a Umsatzsteuergesetz: DE\u00a0[Nummer] Verantwortlich f\u00fcr den Inhalt nach \u00a7\u00a055\u00a0Abs.\u00a02 RStVAleksandar Vuk CarstenMaksim JovanovicNestorstra\u00dfe 7, 10709 Berlin Haftung f\u00fcr InhalteTrotz sorgf\u00e4ltiger inhaltlicher Kontrolle \u00fcbernehmen wir keine Haftung f\u00fcr die&#8230;<\/p>","protected":false},"author":1,"featured_media":0,"parent":0,"menu_order":0,"comment_status":"closed","ping_status":"closed","template":"","meta":{"footnotes":""},"class_list":["post-1089","page","type-page","status-publish","hentry"],"_links":{"self":[{"href":"https:\/\/minido.eu\/es\/wp-json\/wp\/v2\/pages\/1089","targetHints":{"allow":["GET"]}}],"collection":[{"href":"https:\/\/minido.eu\/es\/wp-json\/wp\/v2\/pages"}],"about":[{"href":"https:\/\/minido.eu\/es\/wp-json\/wp\/v2\/types\/page"}],"author":[{"embeddable":true,"href":"https:\/\/minido.eu\/es\/wp-json\/wp\/v2\/users\/1"}],"replies":[{"embeddable":true,"href":"https:\/\/minido.eu\/es\/wp-json\/wp\/v2\/comments?post=1089"}],"version-history":[{"count":8,"href":"https:\/\/minido.eu\/es\/wp-json\/wp\/v2\/pages\/1089\/revisions"}],"predecessor-version":[{"id":988163,"href":"https:\/\/minido.eu\/es\/wp-json\/wp\/v2\/pages\/1089\/revisions\/988163"}],"wp:attachment":[{"href":"https:\/\/minido.eu\/es\/wp-json\/wp\/v2\/media?parent=1089"}],"curies":[{"name":"wp","href":"https:\/\/api.w.org\/{rel}","templated":true}]}}